{"id":663,"date":"2025-05-26T11:46:11","date_gmt":"2025-05-26T09:46:11","guid":{"rendered":"https:\/\/www.kr360digital.com\/?page_id=663"},"modified":"2025-05-26T11:47:34","modified_gmt":"2025-05-26T09:47:34","slug":"politica-de-privacidad","status":"publish","type":"page","link":"https:\/\/www.kr360digital.com\/index.php\/politica-de-privacidad\/","title":{"rendered":"Pol\u00edtica de Privacidad"},"content":{"rendered":"\t\t<div data-elementor-type=\"wp-page\" data-elementor-id=\"663\" class=\"elementor elementor-663\" data-elementor-post-type=\"page\">\n\t\t\t\t<div class=\"elementor-element elementor-element-4f87c02 e-flex e-con-boxed e-con e-parent\" data-id=\"4f87c02\" data-element_type=\"container\">\n\t\t\t\t\t<div class=\"e-con-inner\">\n\t\t\t\t<div class=\"elementor-element elementor-element-cd6b60e elementor-widget elementor-widget-spacer\" data-id=\"cd6b60e\" data-element_type=\"widget\" data-widget_type=\"spacer.default\">\n\t\t\t\t<div class=\"elementor-widget-container\">\n\t\t\t\t\t\t\t<div class=\"elementor-spacer\">\n\t\t\t<div class=\"elementor-spacer-inner\"><\/div>\n\t\t<\/div>\n\t\t\t\t\t\t<\/div>\n\t\t\t\t<\/div>\n\t\t\t\t<div class=\"elementor-element elementor-element-dd2064b elementor-widget elementor-widget-text-editor\" data-id=\"dd2064b\" data-element_type=\"widget\" data-widget_type=\"text-editor.default\">\n\t\t\t\t<div class=\"elementor-widget-container\">\n\t\t\t\t\t\t\t\t\t<h1 data-pm-slice=\"1 1 []\"><strong>Pol\u00edtica de Privacidad<\/strong><\/h1><p><strong>1. Responsable del Tratamiento<\/strong><br \/>KR360 Digital Services LLC es responsable del tratamiento de los datos personales recogidos a trav\u00e9s de nuestros canales de contacto.<\/p><p><strong>2. Datos Recogidos<\/strong><br \/>Los datos que podemos recopilar incluyen: nombre, correo electr\u00f3nico y tel\u00e9fono.<\/p><p><strong>3. Finalidad del Tratamiento<\/strong><br \/>Utilizamos los datos personales para fines de contacto, atenci\u00f3n al cliente, elaboraci\u00f3n de presupuestos personalizados y marketing relacionado con nuestros servicios.<\/p><p><strong>4. Base Legal<\/strong><br \/>El tratamiento se realiza con base en el consentimiento del usuario al iniciar el contacto por los canales establecidos.<\/p><p><strong>5. Destinatarios de los Datos<\/strong><br \/>No se ceder\u00e1n los datos a terceros, salvo obligaci\u00f3n legal. Sin embargo, se utiliza Google Analytics para analizar el uso del sitio, el cual podr\u00eda recoger datos anonimizados.<\/p><p><strong>6. Transferencias Internacionales<\/strong><br \/>Los datos se almacenan en servidores dentro de la Uni\u00f3n Europea. No se realizar\u00e1n transferencias internacionales fuera de la UE.<\/p><p><strong>7. Derechos del Usuario<\/strong><br \/>El usuario puede ejercer sus derechos de acceso, rectificaci\u00f3n, supresi\u00f3n, oposici\u00f3n y portabilidad mediante solicitud al correo: <a>rla@kr360digital.com<\/a><\/p><p><strong>8. Conservaci\u00f3n de Datos<\/strong><br \/>Los datos se conservar\u00e1n mientras exista una relaci\u00f3n activa o hasta que el usuario solicite su eliminaci\u00f3n.<\/p>\t\t\t\t\t\t\t\t<\/div>\n\t\t\t\t<\/div>\n\t\t\t\t<div class=\"elementor-element elementor-element-38c9de5 elementor-widget elementor-widget-spacer\" data-id=\"38c9de5\" data-element_type=\"widget\" data-widget_type=\"spacer.default\">\n\t\t\t\t<div class=\"elementor-widget-container\">\n\t\t\t\t\t\t\t<div class=\"elementor-spacer\">\n\t\t\t<div class=\"elementor-spacer-inner\"><\/div>\n\t\t<\/div>\n\t\t\t\t\t\t<\/div>\n\t\t\t\t<\/div>\n\t\t\t\t\t<\/div>\n\t\t\t\t<\/div>\n\t\t\t\t<\/div>\n\t\t","protected":false},"excerpt":{"rendered":"<p>Pol\u00edtica de Privacidad 1. Responsable del TratamientoKR360 Digital Services LLC es responsable del tratamiento de los datos personales recogidos a trav\u00e9s de nuestros canales de contacto. 2. Datos RecogidosLos datos que podemos recopilar incluyen: nombre, correo electr\u00f3nico y tel\u00e9fono. 3. Finalidad del TratamientoUtilizamos los datos personales para fines de contacto, atenci\u00f3n al cliente, elaboraci\u00f3n de [&hellip;]<\/p>\n","protected":false},"author":1,"featured_media":0,"parent":0,"menu_order":0,"comment_status":"closed","ping_status":"closed","template":"","meta":{"footnotes":""},"class_list":["post-663","page","type-page","status-publish","hentry"],"_links":{"self":[{"href":"https:\/\/www.kr360digital.com\/index.php\/wp-json\/wp\/v2\/pages\/663","targetHints":{"allow":["GET"]}}],"collection":[{"href":"https:\/\/www.kr360digital.com\/index.php\/wp-json\/wp\/v2\/pages"}],"about":[{"href":"https:\/\/www.kr360digital.com\/index.php\/wp-json\/wp\/v2\/types\/page"}],"author":[{"embeddable":true,"href":"https:\/\/www.kr360digital.com\/index.php\/wp-json\/wp\/v2\/users\/1"}],"replies":[{"embeddable":true,"href":"https:\/\/www.kr360digital.com\/index.php\/wp-json\/wp\/v2\/comments?post=663"}],"version-history":[{"count":4,"href":"https:\/\/www.kr360digital.com\/index.php\/wp-json\/wp\/v2\/pages\/663\/revisions"}],"predecessor-version":[{"id":667,"href":"https:\/\/www.kr360digital.com\/index.php\/wp-json\/wp\/v2\/pages\/663\/revisions\/667"}],"wp:attachment":[{"href":"https:\/\/www.kr360digital.com\/index.php\/wp-json\/wp\/v2\/media?parent=663"}],"curies":[{"name":"wp","href":"https:\/\/api.w.org\/{rel}","templated":true}]}}